{"id":976,"date":"2014-10-18T21:30:34","date_gmt":"2014-10-18T19:30:34","guid":{"rendered":"https:\/\/www.dental-jovanovic.rs\/wordpress\/?page_id=976"},"modified":"2022-12-20T17:15:24","modified_gmt":"2022-12-20T16:15:24","slug":"frenektomija","status":"publish","type":"page","link":"https:\/\/www.dental-jovanovic.rs\/en\/frenektomija\/","title":{"rendered":"Frenectomy"},"content":{"rendered":"<h2 style=\"text-align: center;\">Frenectomy<\/h2>\n<p><strong>Frenectomy<\/strong> je termin za hiru\u0161ko uklanjanje sluzoko\u017enog nabora u ustima. Ona se nalazi na gornjoj i donjoj usni i jeziku. Radi se kada njen polo\u017eaj nije pravilan i uzrokuje razli\u010dite probleme: razmak izmedju gornjih jedinica, donjih jedinica, povla\u010denje gingive sa zuba, sapet jezik.<br \/>\n[dt_sc_clear]<\/p>\n<p><strong>Imate pitanje za nas? Po\u0161aljite nam poruku na email <a href=\"mailto:drmilosjovanovic@yahoo.com\">drmilosjovanovic@yahoo.com<\/a> ili nas pozovite na brojeve telefona <a href=\"tel:+381641100483\">064 11 00 483<\/a> ili <a href=\"tel:+381113830381\"> 011 38 30 381<\/a>.<\/strong><\/p>\n<p><em><strong>Stomatoloska ordinacija Jovanovi\u0107<\/strong><\/em><\/p>","protected":false},"excerpt":{"rendered":"<p>Frenektomija Frenektomija je termin za hiru\u0161ko uklanjanje sluzoko\u017enog nabora u ustima. Ona se nalazi na gornjoj i donjoj usni i jeziku. Radi se kada njen polo\u017eaj nije pravilan i uzrokuje razli\u010dite probleme: razmak izmedju gornjih jedinica, donjih jedinica, povla\u010denje gingive sa zuba, sapet jezik. [dt_sc_clear] Imate pitanje za nas? Po\u0161aljite nam poruku na email drmilosjovanovic@yahoo.com [&hellip;]<\/p>","protected":false},"author":1,"featured_media":0,"parent":0,"menu_order":88,"comment_status":"closed","ping_status":"closed","template":"","meta":{"inline_featured_image":false,"site-sidebar-layout":"default","site-content-layout":"","ast-site-content-layout":"default","site-content-style":"default","site-sidebar-style":"default","ast-global-header-display":"","ast-banner-title-visibility":"","ast-main-header-display":"","ast-hfb-above-header-display":"","ast-hfb-below-header-display":"","ast-hfb-mobile-header-display":"","site-post-title":"","ast-breadcrumbs-content":"","ast-featured-img":"","footer-sml-layout":"","theme-transparent-header-meta":"","adv-header-id-meta":"","stick-header-meta":"","header-above-stick-meta":"","header-main-stick-meta":"","header-below-stick-meta":"","astra-migrate-meta-layouts":"default","ast-page-background-enabled":"default","ast-page-background-meta":{"desktop":{"background-color":"","background-image":"","background-repeat":"repeat","background-position":"center center","background-size":"auto","background-attachment":"scroll","background-type":"","background-media":"","overlay-type":"","overlay-color":"","overlay-opacity":"","overlay-gradient":""},"tablet":{"background-color":"","background-image":"","background-repeat":"repeat","background-position":"center center","background-size":"auto","background-attachment":"scroll","background-type":"","background-media":"","overlay-type":"","overlay-color":"","overlay-opacity":"","overlay-gradient":""},"mobile":{"background-color":"","background-image":"","background-repeat":"repeat","background-position":"center center","background-size":"auto","background-attachment":"scroll","background-type":"","background-media":"","overlay-type":"","overlay-color":"","overlay-opacity":"","overlay-gradient":""}},"ast-content-background-meta":{"desktop":{"background-color":"var(--ast-global-color-5)","background-image":"","background-repeat":"repeat","background-position":"center center","background-size":"auto","background-attachment":"scroll","background-type":"","background-media":"","overlay-type":"","overlay-color":"","overlay-opacity":"","overlay-gradient":""},"tablet":{"background-color":"var(--ast-global-color-5)","background-image":"","background-repeat":"repeat","background-position":"center center","background-size":"auto","background-attachment":"scroll","background-type":"","background-media":"","overlay-type":"","overlay-color":"","overlay-opacity":"","overlay-gradient":""},"mobile":{"background-color":"var(--ast-global-color-5)","background-image":"","background-repeat":"repeat","background-position":"center center","background-size":"auto","background-attachment":"scroll","background-type":"","background-media":"","overlay-type":"","overlay-color":"","overlay-opacity":"","overlay-gradient":""}},"footnotes":""},"class_list":["post-976","page","type-page","status-publish","hentry"],"yoast_head":"<!-- This site is optimized with the Yoast SEO plugin v25.3.1 - https:\/\/yoast.com\/wordpress\/plugins\/seo\/ -->\n<title>Frenektomija - Stomatolo\u0161ka ordinacija Dental Jovanovic<\/title>\n<meta name=\"robots\" content=\"index, follow, max-snippet:-1, max-image-preview:large, max-video-preview:-1\" \/>\n<link rel=\"canonical\" href=\"https:\/\/www.dental-jovanovic.rs\/en\/frenektomija\/\" \/>\n<meta property=\"og:locale\" content=\"en_US\" \/>\n<meta property=\"og:type\" content=\"article\" \/>\n<meta property=\"og:title\" content=\"Frenektomija - Stomatolo\u0161ka ordinacija Dental Jovanovic\" \/>\n<meta property=\"og:description\" content=\"Frenektomija Frenektomija je termin za hiru\u0161ko uklanjanje sluzoko\u017enog nabora u ustima. Ona se nalazi na gornjoj i donjoj usni i jeziku. Radi se kada njen polo\u017eaj nije pravilan i uzrokuje razli\u010dite probleme: razmak izmedju gornjih jedinica, donjih jedinica, povla\u010denje gingive sa zuba, sapet jezik. [dt_sc_clear] Imate pitanje za nas? Po\u0161aljite nam poruku na email drmilosjovanovic@yahoo.com [&hellip;]\" \/>\n<meta property=\"og:url\" content=\"https:\/\/www.dental-jovanovic.rs\/en\/frenektomija\/\" \/>\n<meta property=\"og:site_name\" content=\"Stomatolo\u0161ka ordinacija Dental Jovanovic\" \/>\n<meta property=\"article:publisher\" content=\"https:\/\/www.facebook.com\/ordinacijadentaljovanovic\/\" \/>\n<meta property=\"article:modified_time\" content=\"2022-12-20T16:15:24+00:00\" \/>\n<meta property=\"og:image\" content=\"https:\/\/www.dental-jovanovic.rs\/wp-content\/uploads\/2019\/07\/stomatoloska-ordinacija-1.jpg\" \/>\n\t<meta property=\"og:image:width\" content=\"1200\" \/>\n\t<meta property=\"og:image:height\" content=\"630\" \/>\n\t<meta property=\"og:image:type\" content=\"image\/jpeg\" \/>\n<meta name=\"twitter:card\" content=\"summary_large_image\" \/>\n<script type=\"application\/ld+json\" class=\"yoast-schema-graph\">{\"@context\":\"https:\/\/schema.org\",\"@graph\":[{\"@type\":\"WebPage\",\"@id\":\"https:\/\/www.dental-jovanovic.rs\/frenektomija\/\",\"url\":\"https:\/\/www.dental-jovanovic.rs\/frenektomija\/\",\"name\":\"Frenektomija - Stomatolo\u0161ka ordinacija Dental Jovanovic\",\"isPartOf\":{\"@id\":\"https:\/\/www.dental-jovanovic.rs\/#website\"},\"datePublished\":\"2014-10-18T19:30:34+00:00\",\"dateModified\":\"2022-12-20T16:15:24+00:00\",\"inLanguage\":\"en-US\",\"potentialAction\":[{\"@type\":\"ReadAction\",\"target\":[\"https:\/\/www.dental-jovanovic.rs\/frenektomija\/\"]}]},{\"@type\":\"WebSite\",\"@id\":\"https:\/\/www.dental-jovanovic.rs\/#website\",\"url\":\"https:\/\/www.dental-jovanovic.rs\/\",\"name\":\"Stomatolo\u0161ka ordinacija Dental Jovanovic\",\"description\":\"Zubar Beograd Slavija\",\"publisher\":{\"@id\":\"https:\/\/www.dental-jovanovic.rs\/#organization\"},\"potentialAction\":[{\"@type\":\"SearchAction\",\"target\":{\"@type\":\"EntryPoint\",\"urlTemplate\":\"https:\/\/www.dental-jovanovic.rs\/?s={search_term_string}\"},\"query-input\":{\"@type\":\"PropertyValueSpecification\",\"valueRequired\":true,\"valueName\":\"search_term_string\"}}],\"inLanguage\":\"en-US\"},{\"@type\":\"Organization\",\"@id\":\"https:\/\/www.dental-jovanovic.rs\/#organization\",\"name\":\"Stomatolo\u0161ka ordinacija Dental Jovanovi\u0107\",\"alternateName\":\"Dental Jovanovi\u0107\",\"url\":\"https:\/\/www.dental-jovanovic.rs\/\",\"logo\":{\"@type\":\"ImageObject\",\"inLanguage\":\"en-US\",\"@id\":\"https:\/\/www.dental-jovanovic.rs\/#\/schema\/logo\/image\/\",\"url\":\"https:\/\/www.dental-jovanovic.rs\/wp-content\/uploads\/2021\/06\/cropped-favicon-1.png\",\"contentUrl\":\"https:\/\/www.dental-jovanovic.rs\/wp-content\/uploads\/2021\/06\/cropped-favicon-1.png\",\"width\":512,\"height\":512,\"caption\":\"Stomatolo\u0161ka ordinacija Dental Jovanovi\u0107\"},\"image\":{\"@id\":\"https:\/\/www.dental-jovanovic.rs\/#\/schema\/logo\/image\/\"},\"sameAs\":[\"https:\/\/www.facebook.com\/ordinacijadentaljovanovic\/\",\"https:\/\/www.instagram.com\/dental.jovanovic\/\"]}]}<\/script>\n<!-- \/ Yoast SEO plugin. -->","yoast_head_json":{"title":"Frenektomija - Stomatolo\u0161ka ordinacija Dental Jovanovic","robots":{"index":"index","follow":"follow","max-snippet":"max-snippet:-1","max-image-preview":"max-image-preview:large","max-video-preview":"max-video-preview:-1"},"canonical":"https:\/\/www.dental-jovanovic.rs\/en\/frenektomija\/","og_locale":"en_US","og_type":"article","og_title":"Frenektomija - Stomatolo\u0161ka ordinacija Dental Jovanovic","og_description":"Frenektomija Frenektomija je termin za hiru\u0161ko uklanjanje sluzoko\u017enog nabora u ustima. Ona se nalazi na gornjoj i donjoj usni i jeziku. Radi se kada njen polo\u017eaj nije pravilan i uzrokuje razli\u010dite probleme: razmak izmedju gornjih jedinica, donjih jedinica, povla\u010denje gingive sa zuba, sapet jezik. [dt_sc_clear] Imate pitanje za nas? Po\u0161aljite nam poruku na email drmilosjovanovic@yahoo.com [&hellip;]","og_url":"https:\/\/www.dental-jovanovic.rs\/en\/frenektomija\/","og_site_name":"Stomatolo\u0161ka ordinacija Dental Jovanovic","article_publisher":"https:\/\/www.facebook.com\/ordinacijadentaljovanovic\/","article_modified_time":"2022-12-20T16:15:24+00:00","og_image":[{"width":1200,"height":630,"url":"https:\/\/www.dental-jovanovic.rs\/wp-content\/uploads\/2019\/07\/stomatoloska-ordinacija-1.jpg","type":"image\/jpeg"}],"twitter_card":"summary_large_image","schema":{"@context":"https:\/\/schema.org","@graph":[{"@type":"WebPage","@id":"https:\/\/www.dental-jovanovic.rs\/frenektomija\/","url":"https:\/\/www.dental-jovanovic.rs\/frenektomija\/","name":"Frenektomija - Stomatolo\u0161ka ordinacija Dental Jovanovic","isPartOf":{"@id":"https:\/\/www.dental-jovanovic.rs\/#website"},"datePublished":"2014-10-18T19:30:34+00:00","dateModified":"2022-12-20T16:15:24+00:00","inLanguage":"en-US","potentialAction":[{"@type":"ReadAction","target":["https:\/\/www.dental-jovanovic.rs\/frenektomija\/"]}]},{"@type":"WebSite","@id":"https:\/\/www.dental-jovanovic.rs\/#website","url":"https:\/\/www.dental-jovanovic.rs\/","name":"Stomatolo\u0161ka ordinacija Dental Jovanovic","description":"Zubar Beograd Slavija","publisher":{"@id":"https:\/\/www.dental-jovanovic.rs\/#organization"},"potentialAction":[{"@type":"SearchAction","target":{"@type":"EntryPoint","urlTemplate":"https:\/\/www.dental-jovanovic.rs\/?s={search_term_string}"},"query-input":{"@type":"PropertyValueSpecification","valueRequired":true,"valueName":"search_term_string"}}],"inLanguage":"en-US"},{"@type":"Organization","@id":"https:\/\/www.dental-jovanovic.rs\/#organization","name":"Stomatolo\u0161ka ordinacija Dental Jovanovi\u0107","alternateName":"Dental Jovanovi\u0107","url":"https:\/\/www.dental-jovanovic.rs\/","logo":{"@type":"ImageObject","inLanguage":"en-US","@id":"https:\/\/www.dental-jovanovic.rs\/#\/schema\/logo\/image\/","url":"https:\/\/www.dental-jovanovic.rs\/wp-content\/uploads\/2021\/06\/cropped-favicon-1.png","contentUrl":"https:\/\/www.dental-jovanovic.rs\/wp-content\/uploads\/2021\/06\/cropped-favicon-1.png","width":512,"height":512,"caption":"Stomatolo\u0161ka ordinacija Dental Jovanovi\u0107"},"image":{"@id":"https:\/\/www.dental-jovanovic.rs\/#\/schema\/logo\/image\/"},"sameAs":["https:\/\/www.facebook.com\/ordinacijadentaljovanovic\/","https:\/\/www.instagram.com\/dental.jovanovic\/"]}]}},"_links":{"self":[{"href":"https:\/\/www.dental-jovanovic.rs\/en\/wp-json\/wp\/v2\/pages\/976","targetHints":{"allow":["GET"]}}],"collection":[{"href":"https:\/\/www.dental-jovanovic.rs\/en\/wp-json\/wp\/v2\/pages"}],"about":[{"href":"https:\/\/www.dental-jovanovic.rs\/en\/wp-json\/wp\/v2\/types\/page"}],"author":[{"embeddable":true,"href":"https:\/\/www.dental-jovanovic.rs\/en\/wp-json\/wp\/v2\/users\/1"}],"replies":[{"embeddable":true,"href":"https:\/\/www.dental-jovanovic.rs\/en\/wp-json\/wp\/v2\/comments?post=976"}],"version-history":[{"count":1,"href":"https:\/\/www.dental-jovanovic.rs\/en\/wp-json\/wp\/v2\/pages\/976\/revisions"}],"predecessor-version":[{"id":4545,"href":"https:\/\/www.dental-jovanovic.rs\/en\/wp-json\/wp\/v2\/pages\/976\/revisions\/4545"}],"wp:attachment":[{"href":"https:\/\/www.dental-jovanovic.rs\/en\/wp-json\/wp\/v2\/media?parent=976"}],"curies":[{"name":"wp","href":"https:\/\/api.w.org\/{rel}","templated":true}]}}