{"id":4063,"date":"2021-06-03T19:13:01","date_gmt":"2021-06-03T17:13:01","guid":{"rendered":"https:\/\/www.dental-jovanovic.rs\/?page_id=4063"},"modified":"2025-03-08T15:59:01","modified_gmt":"2025-03-08T14:59:01","slug":"besplatan-pregled","status":"publish","type":"page","link":"https:\/\/www.dental-jovanovic.rs\/en\/besplatan-pregled\/","title":{"rendered":"Free Consultation"},"content":{"rendered":"<div data-elementor-type=\"wp-page\" data-elementor-id=\"4063\" class=\"elementor elementor-4063\" data-elementor-post-type=\"page\">\n\t\t\t\t\t\t<section class=\"elementor-section elementor-top-section elementor-element elementor-element-73b3ea34 elementor-section-content-middle elementor-section-full_width elementor-section-height-default elementor-section-height-default\" data-id=\"73b3ea34\" data-element_type=\"section\" data-settings=\"{&quot;background_background&quot;:&quot;classic&quot;}\">\n\t\t\t\t\t\t<div class=\"elementor-container elementor-column-gap-no\">\n\t\t\t\t\t<div class=\"elementor-column elementor-col-50 elementor-top-column elementor-element elementor-element-4218a67e\" data-id=\"4218a67e\" data-element_type=\"column\" data-settings=\"{&quot;background_background&quot;:&quot;classic&quot;}\">\n\t\t\t<div class=\"elementor-widget-wrap elementor-element-populated\">\n\t\t\t\t\t\t<div class=\"elementor-element elementor-element-465c5247 elementor-headline--style-highlight elementor-widget elementor-widget-animated-headline\" data-id=\"465c5247\" data-element_type=\"widget\" data-settings=\"{&quot;highlighted_text&quot;:&quot;besplatan&quot;,&quot;marker&quot;:&quot;curly&quot;,&quot;headline_style&quot;:&quot;highlight&quot;,&quot;loop&quot;:&quot;yes&quot;,&quot;highlight_animation_duration&quot;:1200,&quot;highlight_iteration_delay&quot;:8000}\" data-widget_type=\"animated-headline.default\">\n\t\t\t\t<div class=\"elementor-widget-container\">\n\t\t\t\t\t\t\t<h3 class=\"elementor-headline\">\n\t\t\t\t\t<span class=\"elementor-headline-plain-text elementor-headline-text-wrapper\">Book a<\/span>\n\t\t\t\t<span class=\"elementor-headline-dynamic-wrapper elementor-headline-text-wrapper\">\n\t\t\t\t\t<span class=\"elementor-headline-dynamic-text elementor-headline-text-active\">free<\/span>\n\t\t\t\t<\/span>\n\t\t\t\t\t<span class=\"elementor-headline-plain-text elementor-headline-text-wrapper\">consultation<\/span>\n\t\t\t\t\t<\/h3>\n\t\t\t\t\t\t<\/div>\n\t\t\t\t<\/div>\n\t\t\t\t<div class=\"elementor-element elementor-element-45c7588d elementor-widget elementor-widget-text-editor\" data-id=\"45c7588d\" data-element_type=\"widget\" data-widget_type=\"text-editor.default\">\n\t\t\t\t<div class=\"elementor-widget-container\">\n\t\t\t\t\t\t\t\t\t<p><span class=\"aCOpRe\">Fill out the form below and we will get back to you as soon as possible.<\/span><\/p>\t\t\t\t\t\t\t\t<\/div>\n\t\t\t\t<\/div>\n\t\t\t\t<div class=\"elementor-element elementor-element-5cd1298a elementor-button-align-start elementor-widget elementor-widget-form\" data-id=\"5cd1298a\" data-element_type=\"widget\" data-settings=\"{&quot;step_next_label&quot;:&quot;Next&quot;,&quot;step_previous_label&quot;:&quot;Previous&quot;,&quot;button_width&quot;:&quot;100&quot;,&quot;step_type&quot;:&quot;number_text&quot;,&quot;step_icon_shape&quot;:&quot;circle&quot;}\" data-widget_type=\"form.default\">\n\t\t\t\t<div class=\"elementor-widget-container\">\n\t\t\t\t\t\t\t<form class=\"elementor-form\" method=\"post\" id=\"besplatan_pregled\" name=\"Form Besplatan Pregled\" novalidate=\"\" action=\"\">\n\t\t\t<input type=\"hidden\" name=\"post_id\" value=\"4063\"\/>\n\t\t\t<input type=\"hidden\" name=\"form_id\" value=\"5cd1298a\"\/>\n\t\t\t<input type=\"hidden\" name=\"referer_title\" value=\"Stomatolo\u0161ka ordinacija Dental Jovanovic\" \/>\n\n\t\t\t\n\t\t\t<div class=\"elementor-form-fields-wrapper elementor-labels-\">\n\t\t\t\t\t\t\t\t<div class=\"elementor-field-type-select elementor-field-group elementor-column elementor-field-group-tip_pregleda elementor-col-100 elementor-field-required\">\n\t\t\t\t\t\t\t\t\t\t\t\t<label for=\"form-field-tip_pregleda\" class=\"elementor-field-label elementor-screen-only\">\n\t\t\t\t\t\t\t\tType of dental exam\t\t\t\t\t\t\t<\/label>\n\t\t\t\t\t\t\t\t<div class=\"elementor-field elementor-select-wrapper remove-before\">\n\t\t\t<div class=\"select-caret-down-wrapper\">\n\t\t\t\t<i aria-hidden=\"true\" class=\"eicon-caret-down\"><\/i>\t\t\t<\/div>\n\t\t\t<select name=\"form_fields[tip_pregleda]\" id=\"form-field-tip_pregleda\" class=\"elementor-field-textual elementor-size-md\" required=\"required\">\n\t\t\t\t\t\t\t\t\t<option value=\"\">Type of dental exam <\/option>\n\t\t\t\t\t\t\t\t\t<option value=\" Upit &amp; konsultacije\">Inquiry &amp; consultation <\/option>\n\t\t\t\t\t\t\t\t\t<option value=\" Postavljanje plombe\">Dental sealants <\/option>\n\t\t\t\t\t\t\t\t\t<option value=\" Protetika\">Prosthetics <\/option>\n\t\t\t\t\t\t\t\t\t<option value=\" Estetska pobolj\u0161anja\">Aesthetic improvements <\/option>\n\t\t\t\t\t\t\t<\/select>\n\t\t<\/div>\n\t\t\t\t\t\t<\/div>\n\t\t\t\t\t\t\t\t<div class=\"elementor-field-type-text elementor-field-group elementor-column elementor-field-group-name elementor-col-100 elementor-field-required\">\n\t\t\t\t\t\t\t\t\t\t\t\t<label for=\"form-field-name\" class=\"elementor-field-label elementor-screen-only\">\n\t\t\t\t\t\t\t\tName ( first and last )\t\t\t\t\t\t\t<\/label>\n\t\t\t\t\t\t\t\t\t\t\t\t\t\t<input size=\"1\" type=\"text\" name=\"form_fields[name]\" id=\"form-field-name\" class=\"elementor-field elementor-size-md  elementor-field-textual\" placeholder=\"Name ( first and last )\" required=\"required\">\n\t\t\t\t\t\t\t\t\t\t\t<\/div>\n\t\t\t\t\t\t\t\t<div class=\"elementor-field-type-tel elementor-field-group elementor-column elementor-field-group-kontakt_telefon elementor-col-50\">\n\t\t\t\t\t\t\t\t\t\t\t\t<label for=\"form-field-kontakt_telefon\" class=\"elementor-field-label elementor-screen-only\">\n\t\t\t\t\t\t\t\tPhone\t\t\t\t\t\t\t<\/label>\n\t\t\t\t\t\t\t\t<input size=\"1\" type=\"tel\" name=\"form_fields[kontakt_telefon]\" id=\"form-field-kontakt_telefon\" class=\"elementor-field elementor-size-md  elementor-field-textual\" placeholder=\"Phone\" pattern=\"[0-9()#&amp;+*-=.]+\" title=\"Only numbers and phone characters (#, -, *, etc) are accepted.\">\n\n\t\t\t\t\t\t<\/div>\n\t\t\t\t\t\t\t\t<div class=\"elementor-field-type-email elementor-field-group elementor-column elementor-field-group-email elementor-col-50 elementor-field-required\">\n\t\t\t\t\t\t\t\t\t\t\t\t<label for=\"form-field-email\" class=\"elementor-field-label elementor-screen-only\">\n\t\t\t\t\t\t\t\tEmail\t\t\t\t\t\t\t<\/label>\n\t\t\t\t\t\t\t\t\t\t\t\t\t\t<input size=\"1\" type=\"email\" name=\"form_fields[email]\" id=\"form-field-email\" class=\"elementor-field elementor-size-md  elementor-field-textual\" placeholder=\"Email\" required=\"required\">\n\t\t\t\t\t\t\t\t\t\t\t<\/div>\n\t\t\t\t\t\t\t\t<div class=\"elementor-field-type-date elementor-field-group elementor-column elementor-field-group-field_datum_pregleda elementor-col-50 elementor-field-required\">\n\t\t\t\t\t\t\t\t\t\t\t\t<label for=\"form-field-field_datum_pregleda\" class=\"elementor-field-label elementor-screen-only\">\n\t\t\t\t\t\t\t\tDate\t\t\t\t\t\t\t<\/label>\n\t\t\t\t\t\t\n\t\t<input type=\"date\" name=\"form_fields[field_datum_pregleda]\" id=\"form-field-field_datum_pregleda\" class=\"elementor-field elementor-size-md  elementor-field-textual elementor-date-field\" placeholder=\"Date\" required=\"required\" pattern=\"[0-9]{4}-[0-9]{2}-[0-9]{2}\">\n\t\t\t\t\t\t<\/div>\n\t\t\t\t\t\t\t\t<div class=\"elementor-field-type-select elementor-field-group elementor-column elementor-field-group-termin elementor-col-50 elementor-field-required\">\n\t\t\t\t\t\t\t\t\t\t\t\t<label for=\"form-field-termin\" class=\"elementor-field-label elementor-screen-only\">\n\t\t\t\t\t\t\t\tTime - Hour\t\t\t\t\t\t\t<\/label>\n\t\t\t\t\t\t\t\t<div class=\"elementor-field elementor-select-wrapper remove-before\">\n\t\t\t<div class=\"select-caret-down-wrapper\">\n\t\t\t\t<i aria-hidden=\"true\" class=\"eicon-caret-down\"><\/i>\t\t\t<\/div>\n\t\t\t<select name=\"form_fields[termin]\" id=\"form-field-termin\" class=\"elementor-field-textual elementor-size-md\" required=\"required\">\n\t\t\t\t\t\t\t\t\t<option value=\"\">Time <\/option>\n\t\t\t\t\t\t\t\t\t<option value=\" 09:00\">9AM <\/option>\n\t\t\t\t\t\t\t\t\t<option value=\" 10:00\">10AM <\/option>\n\t\t\t\t\t\t\t\t\t<option value=\" 11:00\">11AM <\/option>\n\t\t\t\t\t\t\t\t\t<option value=\" 12:00\">12PM <\/option>\n\t\t\t\t\t\t\t\t\t<option value=\" 13:00\">1PM <\/option>\n\t\t\t\t\t\t\t\t\t<option value=\" 14:00\">2PM <\/option>\n\t\t\t\t\t\t\t\t\t<option value=\" 15:00\">3PM <\/option>\n\t\t\t\t\t\t\t\t\t<option value=\" 16:00\">4PM <\/option>\n\t\t\t\t\t\t\t\t\t<option value=\" 17:00\">5PM <\/option>\n\t\t\t\t\t\t\t\t\t<option value=\" 18:00\">6PM <\/option>\n\t\t\t\t\t\t\t\t\t<option value=\" 19:00\">7PM <\/option>\n\t\t\t\t\t\t\t\t\t<option value=\" 20:00\">8PM <\/option>\n\t\t\t\t\t\t\t<\/select>\n\t\t<\/div>\n\t\t\t\t\t\t<\/div>\n\t\t\t\t\t\t\t\t<div class=\"elementor-field-type-textarea elementor-field-group elementor-column elementor-field-group-message elementor-col-100\">\n\t\t\t\t\t\t\t\t\t\t\t\t<label for=\"form-field-message\" class=\"elementor-field-label elementor-screen-only\">\n\t\t\t\t\t\t\t\tAdditional description\t\t\t\t\t\t\t<\/label>\n\t\t\t\t\t\t<textarea class=\"elementor-field-textual elementor-field  elementor-size-md\" name=\"form_fields[message]\" id=\"form-field-message\" rows=\"3\" placeholder=\"Additional description\"><\/textarea>\t\t\t\t<\/div>\n\t\t\t\t\t\t\t\t<div class=\"elementor-field-type-recaptcha_v3 elementor-field-group elementor-column elementor-field-group-field_18f763b elementor-col-100 recaptcha_v3-inline\">\n\t\t\t\t\t<div class=\"elementor-field\" id=\"form-field-field_18f763b\"><div class=\"elementor-g-recaptcha\" data-sitekey=\"6LdzojccAAAAAAaYqm2Jo_cQoAfVOqs9haJQsss0\" data-type=\"v3\" data-action=\"Form\" data-badge=\"inline\" data-size=\"invisible\"><\/div><\/div>\t\t\t\t<\/div>\n\t\t\t\t\t\t\t\t<div class=\"elementor-field-group elementor-column elementor-field-type-submit elementor-col-100 e-form__buttons\">\n\t\t\t\t\t<button class=\"elementor-button elementor-size-md\" type=\"submit\">\n\t\t\t\t\t\t<span class=\"elementor-button-content-wrapper\">\n\t\t\t\t\t\t\t\t\t\t\t\t\t\t\t\t\t\t\t\t\t\t<span class=\"elementor-button-text\">Book now<\/span>\n\t\t\t\t\t\t\t\t\t\t\t\t\t<\/span>\n\t\t\t\t\t<\/button>\n\t\t\t\t<\/div>\n\t\t\t<\/div>\n\t\t<input type=\"hidden\" name=\"trp-form-language\" value=\"en\"\/><\/form>\n\t\t\t\t\t\t<\/div>\n\t\t\t\t<\/div>\n\t\t\t\t\t<\/div>\n\t\t<\/div>\n\t\t\t\t<div class=\"elementor-column elementor-col-50 elementor-top-column elementor-element elementor-element-234faf6f\" data-id=\"234faf6f\" data-element_type=\"column\" data-settings=\"{&quot;background_background&quot;:&quot;classic&quot;}\">\n\t\t\t<div class=\"elementor-widget-wrap elementor-element-populated\">\n\t\t\t\t\t\t<div class=\"elementor-element elementor-element-1ae99e06 elementor-widget elementor-widget-google_maps\" data-id=\"1ae99e06\" data-element_type=\"widget\" data-widget_type=\"google_maps.default\">\n\t\t\t\t<div class=\"elementor-widget-container\">\n\t\t\t\t\t\t\t<div class=\"elementor-custom-embed\">\n\t\t\t<iframe loading=\"lazy\"\n\t\t\t\t\tsrc=\"https:\/\/www.google.com\/maps\/embed\/v1\/place?key=AIzaSyD1Ex4izKKKsa5_nnG-QWL6yFIRuXcRuIA&#038;q=dental%20jovanovic&#038;zoom=15\"\n\t\t\t\t\ttitle=\"dental jovanovic\"\n\t\t\t\t\taria-label=\"dental jovanovic\"\n\t\t\t><\/iframe>\n\t\t<\/div>\n\t\t\t\t\t\t<\/div>\n\t\t\t\t<\/div>\n\t\t\t\t<div class=\"elementor-element elementor-element-72e9e310 elementor-position-left elementor-vertical-align-middle elementor-view-default elementor-mobile-position-top elementor-widget elementor-widget-icon-box\" data-id=\"72e9e310\" data-element_type=\"widget\" data-widget_type=\"icon-box.default\">\n\t\t\t\t<div class=\"elementor-widget-container\">\n\t\t\t\t\t\t\t<div class=\"elementor-icon-box-wrapper\">\n\n\t\t\t\t\t\t<div class=\"elementor-icon-box-icon\">\n\t\t\t\t<span  class=\"elementor-icon\">\n\t\t\t\t<i aria-hidden=\"true\" class=\"fas fa-map-marker-alt\"><\/i>\t\t\t\t<\/span>\n\t\t\t<\/div>\n\t\t\t\n\t\t\t\t\t\t<div class=\"elementor-icon-box-content\">\n\n\t\t\t\t\t\t\t\t\t<h3 class=\"elementor-icon-box-title\">\n\t\t\t\t\t\t<span  >\n\t\t\t\t\t\t\tBulevar Oslobo\u0111enja 7-9, Slavija, Beograd\t\t\t\t\t\t<\/span>\n\t\t\t\t\t<\/h3>\n\t\t\t\t\n\t\t\t\t\n\t\t\t<\/div>\n\t\t\t\n\t\t<\/div>\n\t\t\t\t\t\t<\/div>\n\t\t\t\t<\/div>\n\t\t\t\t<div class=\"elementor-element elementor-element-51a2885b elementor-position-left elementor-vertical-align-middle elementor-view-default elementor-mobile-position-top elementor-widget elementor-widget-icon-box\" data-id=\"51a2885b\" data-element_type=\"widget\" data-widget_type=\"icon-box.default\">\n\t\t\t\t<div class=\"elementor-widget-container\">\n\t\t\t\t\t\t\t<div class=\"elementor-icon-box-wrapper\">\n\n\t\t\t\t\t\t<div class=\"elementor-icon-box-icon\">\n\t\t\t\t<span  class=\"elementor-icon\">\n\t\t\t\t<i aria-hidden=\"true\" class=\"far fa-clock\"><\/i>\t\t\t\t<\/span>\n\t\t\t<\/div>\n\t\t\t\n\t\t\t\t\t\t<div class=\"elementor-icon-box-content\">\n\n\t\t\t\t\n\t\t\t\t\t\t\t\t\t<p class=\"elementor-icon-box-description\">\n\t\t\t\t\t\tMon-Wed-Fri: <strong>2-8PM<\/strong> | Tue-Thu: <strong>10AM-4PM<\/strong>\t\t\t\t\t<\/p>\n\t\t\t\t\n\t\t\t<\/div>\n\t\t\t\n\t\t<\/div>\n\t\t\t\t\t\t<\/div>\n\t\t\t\t<\/div>\n\t\t\t\t<div class=\"elementor-element elementor-element-d0ce6c9 elementor-position-left elementor-vertical-align-middle elementor-widget__width-auto elementor-widget-mobile__width-initial elementor-view-default elementor-mobile-position-top elementor-widget elementor-widget-icon-box\" data-id=\"d0ce6c9\" data-element_type=\"widget\" data-widget_type=\"icon-box.default\">\n\t\t\t\t<div class=\"elementor-widget-container\">\n\t\t\t\t\t\t\t<div class=\"elementor-icon-box-wrapper\">\n\n\t\t\t\t\t\t<div class=\"elementor-icon-box-icon\">\n\t\t\t\t<a href=\"tel:+381641100483\" class=\"elementor-icon\" tabindex=\"-1\">\n\t\t\t\t<i aria-hidden=\"true\" class=\"fas fa-mobile-alt\"><\/i>\t\t\t\t<\/a>\n\t\t\t<\/div>\n\t\t\t\n\t\t\t\t\t\t<div class=\"elementor-icon-box-content\">\n\n\t\t\t\t\n\t\t\t\t\t\t\t\t\t<p class=\"elementor-icon-box-description\">\n\t\t\t\t\t\t<a href=\"tel:+381641100483\">064 11 00 483<\/a>\t\t\t\t\t<\/p>\n\t\t\t\t\n\t\t\t<\/div>\n\t\t\t\n\t\t<\/div>\n\t\t\t\t\t\t<\/div>\n\t\t\t\t<\/div>\n\t\t\t\t<div class=\"elementor-element elementor-element-b42378c elementor-position-left elementor-vertical-align-middle elementor-widget__width-auto elementor-widget-mobile__width-initial elementor-view-default elementor-mobile-position-top elementor-widget elementor-widget-icon-box\" data-id=\"b42378c\" data-element_type=\"widget\" data-widget_type=\"icon-box.default\">\n\t\t\t\t<div class=\"elementor-widget-container\">\n\t\t\t\t\t\t\t<div class=\"elementor-icon-box-wrapper\">\n\n\t\t\t\t\t\t<div class=\"elementor-icon-box-icon\">\n\t\t\t\t<a href=\"tel:+381113830381\" class=\"elementor-icon\" tabindex=\"-1\">\n\t\t\t\t<i aria-hidden=\"true\" class=\"fas fa-phone-alt\"><\/i>\t\t\t\t<\/a>\n\t\t\t<\/div>\n\t\t\t\n\t\t\t\t\t\t<div class=\"elementor-icon-box-content\">\n\n\t\t\t\t\n\t\t\t\t\t\t\t\t\t<p class=\"elementor-icon-box-description\">\n\t\t\t\t\t\t<a href=\"tel:+381113830381\">011 38 30 381<\/a>\t\t\t\t\t<\/p>\n\t\t\t\t\n\t\t\t<\/div>\n\t\t\t\n\t\t<\/div>\n\t\t\t\t\t\t<\/div>\n\t\t\t\t<\/div>\n\t\t\t\t\t<\/div>\n\t\t<\/div>\n\t\t\t\t\t<\/div>\n\t\t<\/section>\n\t\t\t\t<\/div>","protected":false},"excerpt":{"rendered":"<p>Zaka\u017eite besplatan pregled Popunite formular ispod i javi\u0107emo Vam se u najkra\u0107em mogu\u0107em roku. Bulevar Oslobo\u0111enja 7-9, Slavija, Beograd Pon-Sre-Pet: 14-20h | Uto-\u010cet: 10-16h 064 11 00 483 011 38 30 381<\/p>","protected":false},"author":1,"featured_media":0,"parent":0,"menu_order":0,"comment_status":"closed","ping_status":"closed","template":"","meta":{"inline_featured_image":false,"site-sidebar-layout":"no-sidebar","site-content-layout":"page-builder","ast-site-content-layout":"default","site-content-style":"default","site-sidebar-style":"default","ast-global-header-display":"","ast-banner-title-visibility":"","ast-main-header-display":"","ast-hfb-above-header-display":"","ast-hfb-below-header-display":"","ast-hfb-mobile-header-display":"","site-post-title":"disabled","ast-breadcrumbs-content":"","ast-featured-img":"disabled","footer-sml-layout":"","theme-transparent-header-meta":"default","adv-header-id-meta":"","stick-header-meta":"","header-above-stick-meta":"","header-main-stick-meta":"","header-below-stick-meta":"","astra-migrate-meta-layouts":"default","ast-page-background-enabled":"default","ast-page-background-meta":{"desktop":{"background-color":"","background-image":"","background-repeat":"repeat","background-position":"center center","background-size":"auto","background-attachment":"scroll","background-type":"","background-media":"","overlay-type":"","overlay-color":"","overlay-opacity":"","overlay-gradient":""},"tablet":{"background-color":"","background-image":"","background-repeat":"repeat","background-position":"center center","background-size":"auto","background-attachment":"scroll","background-type":"","background-media":"","overlay-type":"","overlay-color":"","overlay-opacity":"","overlay-gradient":""},"mobile":{"background-color":"","background-image":"","background-repeat":"repeat","background-position":"center center","background-size":"auto","background-attachment":"scroll","background-type":"","background-media":"","overlay-type":"","overlay-color":"","overlay-opacity":"","overlay-gradient":""}},"ast-content-background-meta":{"desktop":{"background-color":"var(--ast-global-color-5)","background-image":"","background-repeat":"repeat","background-position":"center center","background-size":"auto","background-attachment":"scroll","background-type":"","background-media":"","overlay-type":"","overlay-color":"","overlay-opacity":"","overlay-gradient":""},"tablet":{"background-color":"var(--ast-global-color-5)","background-image":"","background-repeat":"repeat","background-position":"center center","background-size":"auto","background-attachment":"scroll","background-type":"","background-media":"","overlay-type":"","overlay-color":"","overlay-opacity":"","overlay-gradient":""},"mobile":{"background-color":"var(--ast-global-color-5)","background-image":"","background-repeat":"repeat","background-position":"center center","background-size":"auto","background-attachment":"scroll","background-type":"","background-media":"","overlay-type":"","overlay-color":"","overlay-opacity":"","overlay-gradient":""}},"footnotes":""},"class_list":["post-4063","page","type-page","status-publish","hentry"],"yoast_head":"<!-- This site is optimized with the Yoast SEO plugin v25.3.1 - https:\/\/yoast.com\/wordpress\/plugins\/seo\/ -->\n<title>Besplatan Pregled - Stomatolo\u0161ka ordinacija Dental Jovanovic<\/title>\n<meta name=\"robots\" content=\"index, follow, max-snippet:-1, max-image-preview:large, max-video-preview:-1\" \/>\n<link rel=\"canonical\" href=\"https:\/\/www.dental-jovanovic.rs\/en\/besplatan-pregled\/\" \/>\n<meta property=\"og:locale\" content=\"en_US\" \/>\n<meta property=\"og:type\" content=\"article\" \/>\n<meta property=\"og:title\" content=\"Besplatan Pregled - Stomatolo\u0161ka ordinacija Dental Jovanovic\" \/>\n<meta property=\"og:description\" content=\"Zaka\u017eite besplatan pregled Popunite formular ispod i javi\u0107emo Vam se u najkra\u0107em mogu\u0107em roku. Bulevar Oslobo\u0111enja 7-9, Slavija, Beograd Pon-Sre-Pet: 14-20h | Uto-\u010cet: 10-16h 064 11 00 483 011 38 30 381\" \/>\n<meta property=\"og:url\" content=\"https:\/\/www.dental-jovanovic.rs\/en\/besplatan-pregled\/\" \/>\n<meta property=\"og:site_name\" content=\"Stomatolo\u0161ka ordinacija Dental Jovanovic\" \/>\n<meta property=\"article:publisher\" content=\"https:\/\/www.facebook.com\/ordinacijadentaljovanovic\/\" \/>\n<meta property=\"article:modified_time\" content=\"2025-03-08T14:59:01+00:00\" \/>\n<meta property=\"og:image\" content=\"https:\/\/www.dental-jovanovic.rs\/wp-content\/uploads\/2019\/07\/stomatoloska-ordinacija-1.jpg\" \/>\n\t<meta property=\"og:image:width\" content=\"1200\" \/>\n\t<meta property=\"og:image:height\" content=\"630\" \/>\n\t<meta property=\"og:image:type\" content=\"image\/jpeg\" \/>\n<meta name=\"twitter:card\" content=\"summary_large_image\" \/>\n<meta name=\"twitter:label1\" content=\"Est. reading time\" \/>\n\t<meta name=\"twitter:data1\" content=\"1 minute\" \/>\n<script type=\"application\/ld+json\" class=\"yoast-schema-graph\">{\"@context\":\"https:\/\/schema.org\",\"@graph\":[{\"@type\":\"WebPage\",\"@id\":\"https:\/\/www.dental-jovanovic.rs\/besplatan-pregled\/\",\"url\":\"https:\/\/www.dental-jovanovic.rs\/besplatan-pregled\/\",\"name\":\"Besplatan Pregled - Stomatolo\u0161ka ordinacija Dental Jovanovic\",\"isPartOf\":{\"@id\":\"https:\/\/www.dental-jovanovic.rs\/#website\"},\"datePublished\":\"2021-06-03T17:13:01+00:00\",\"dateModified\":\"2025-03-08T14:59:01+00:00\",\"inLanguage\":\"en-US\",\"potentialAction\":[{\"@type\":\"ReadAction\",\"target\":[\"https:\/\/www.dental-jovanovic.rs\/besplatan-pregled\/\"]}]},{\"@type\":\"WebSite\",\"@id\":\"https:\/\/www.dental-jovanovic.rs\/#website\",\"url\":\"https:\/\/www.dental-jovanovic.rs\/\",\"name\":\"Stomatolo\u0161ka ordinacija Dental Jovanovic\",\"description\":\"Zubar Beograd Slavija\",\"publisher\":{\"@id\":\"https:\/\/www.dental-jovanovic.rs\/#organization\"},\"potentialAction\":[{\"@type\":\"SearchAction\",\"target\":{\"@type\":\"EntryPoint\",\"urlTemplate\":\"https:\/\/www.dental-jovanovic.rs\/?s={search_term_string}\"},\"query-input\":{\"@type\":\"PropertyValueSpecification\",\"valueRequired\":true,\"valueName\":\"search_term_string\"}}],\"inLanguage\":\"en-US\"},{\"@type\":\"Organization\",\"@id\":\"https:\/\/www.dental-jovanovic.rs\/#organization\",\"name\":\"Stomatolo\u0161ka ordinacija Dental Jovanovi\u0107\",\"alternateName\":\"Dental Jovanovi\u0107\",\"url\":\"https:\/\/www.dental-jovanovic.rs\/\",\"logo\":{\"@type\":\"ImageObject\",\"inLanguage\":\"en-US\",\"@id\":\"https:\/\/www.dental-jovanovic.rs\/#\/schema\/logo\/image\/\",\"url\":\"https:\/\/www.dental-jovanovic.rs\/wp-content\/uploads\/2021\/06\/cropped-favicon-1.png\",\"contentUrl\":\"https:\/\/www.dental-jovanovic.rs\/wp-content\/uploads\/2021\/06\/cropped-favicon-1.png\",\"width\":512,\"height\":512,\"caption\":\"Stomatolo\u0161ka ordinacija Dental Jovanovi\u0107\"},\"image\":{\"@id\":\"https:\/\/www.dental-jovanovic.rs\/#\/schema\/logo\/image\/\"},\"sameAs\":[\"https:\/\/www.facebook.com\/ordinacijadentaljovanovic\/\",\"https:\/\/www.instagram.com\/dental.jovanovic\/\"]}]}<\/script>\n<!-- \/ Yoast SEO plugin. -->","yoast_head_json":{"title":"Besplatan Pregled - Stomatolo\u0161ka ordinacija Dental Jovanovic","robots":{"index":"index","follow":"follow","max-snippet":"max-snippet:-1","max-image-preview":"max-image-preview:large","max-video-preview":"max-video-preview:-1"},"canonical":"https:\/\/www.dental-jovanovic.rs\/en\/besplatan-pregled\/","og_locale":"en_US","og_type":"article","og_title":"Besplatan Pregled - Stomatolo\u0161ka ordinacija Dental Jovanovic","og_description":"Zaka\u017eite besplatan pregled Popunite formular ispod i javi\u0107emo Vam se u najkra\u0107em mogu\u0107em roku. Bulevar Oslobo\u0111enja 7-9, Slavija, Beograd Pon-Sre-Pet: 14-20h | Uto-\u010cet: 10-16h 064 11 00 483 011 38 30 381","og_url":"https:\/\/www.dental-jovanovic.rs\/en\/besplatan-pregled\/","og_site_name":"Stomatolo\u0161ka ordinacija Dental Jovanovic","article_publisher":"https:\/\/www.facebook.com\/ordinacijadentaljovanovic\/","article_modified_time":"2025-03-08T14:59:01+00:00","og_image":[{"width":1200,"height":630,"url":"https:\/\/www.dental-jovanovic.rs\/wp-content\/uploads\/2019\/07\/stomatoloska-ordinacija-1.jpg","type":"image\/jpeg"}],"twitter_card":"summary_large_image","twitter_misc":{"Est. reading time":"1 minute"},"schema":{"@context":"https:\/\/schema.org","@graph":[{"@type":"WebPage","@id":"https:\/\/www.dental-jovanovic.rs\/besplatan-pregled\/","url":"https:\/\/www.dental-jovanovic.rs\/besplatan-pregled\/","name":"Besplatan Pregled - Stomatolo\u0161ka ordinacija Dental Jovanovic","isPartOf":{"@id":"https:\/\/www.dental-jovanovic.rs\/#website"},"datePublished":"2021-06-03T17:13:01+00:00","dateModified":"2025-03-08T14:59:01+00:00","inLanguage":"en-US","potentialAction":[{"@type":"ReadAction","target":["https:\/\/www.dental-jovanovic.rs\/besplatan-pregled\/"]}]},{"@type":"WebSite","@id":"https:\/\/www.dental-jovanovic.rs\/#website","url":"https:\/\/www.dental-jovanovic.rs\/","name":"Stomatolo\u0161ka ordinacija Dental Jovanovic","description":"Zubar Beograd Slavija","publisher":{"@id":"https:\/\/www.dental-jovanovic.rs\/#organization"},"potentialAction":[{"@type":"SearchAction","target":{"@type":"EntryPoint","urlTemplate":"https:\/\/www.dental-jovanovic.rs\/?s={search_term_string}"},"query-input":{"@type":"PropertyValueSpecification","valueRequired":true,"valueName":"search_term_string"}}],"inLanguage":"en-US"},{"@type":"Organization","@id":"https:\/\/www.dental-jovanovic.rs\/#organization","name":"Stomatolo\u0161ka ordinacija Dental Jovanovi\u0107","alternateName":"Dental Jovanovi\u0107","url":"https:\/\/www.dental-jovanovic.rs\/","logo":{"@type":"ImageObject","inLanguage":"en-US","@id":"https:\/\/www.dental-jovanovic.rs\/#\/schema\/logo\/image\/","url":"https:\/\/www.dental-jovanovic.rs\/wp-content\/uploads\/2021\/06\/cropped-favicon-1.png","contentUrl":"https:\/\/www.dental-jovanovic.rs\/wp-content\/uploads\/2021\/06\/cropped-favicon-1.png","width":512,"height":512,"caption":"Stomatolo\u0161ka ordinacija Dental Jovanovi\u0107"},"image":{"@id":"https:\/\/www.dental-jovanovic.rs\/#\/schema\/logo\/image\/"},"sameAs":["https:\/\/www.facebook.com\/ordinacijadentaljovanovic\/","https:\/\/www.instagram.com\/dental.jovanovic\/"]}]}},"_links":{"self":[{"href":"https:\/\/www.dental-jovanovic.rs\/en\/wp-json\/wp\/v2\/pages\/4063","targetHints":{"allow":["GET"]}}],"collection":[{"href":"https:\/\/www.dental-jovanovic.rs\/en\/wp-json\/wp\/v2\/pages"}],"about":[{"href":"https:\/\/www.dental-jovanovic.rs\/en\/wp-json\/wp\/v2\/types\/page"}],"author":[{"embeddable":true,"href":"https:\/\/www.dental-jovanovic.rs\/en\/wp-json\/wp\/v2\/users\/1"}],"replies":[{"embeddable":true,"href":"https:\/\/www.dental-jovanovic.rs\/en\/wp-json\/wp\/v2\/comments?post=4063"}],"version-history":[{"count":10,"href":"https:\/\/www.dental-jovanovic.rs\/en\/wp-json\/wp\/v2\/pages\/4063\/revisions"}],"predecessor-version":[{"id":4967,"href":"https:\/\/www.dental-jovanovic.rs\/en\/wp-json\/wp\/v2\/pages\/4063\/revisions\/4967"}],"wp:attachment":[{"href":"https:\/\/www.dental-jovanovic.rs\/en\/wp-json\/wp\/v2\/media?parent=4063"}],"curies":[{"name":"wp","href":"https:\/\/api.w.org\/{rel}","templated":true}]}}